{"id":15845,"date":"2016-06-20T14:31:16","date_gmt":"2016-06-20T14:31:16","guid":{"rendered":"http:\/\/www.babysmataro.com\/ca\/?page_id=15845"},"modified":"2017-02-07T11:32:50","modified_gmt":"2017-02-07T10:32:50","slug":"qui-som","status":"publish","type":"page","link":"https:\/\/babysmataro.com\/ca\/qui-som\/","title":{"rendered":"Qui Som"},"content":{"rendered":"<p>[vc_row row_type=&#8221;row&#8221; use_row_as_full_screen_section=&#8221;no&#8221; type=&#8221;grid&#8221; angled_section=&#8221;no&#8221; text_align=&#8221;left&#8221; background_image_as_pattern=&#8221;without_pattern&#8221; padding_top=&#8221;87&#8243; padding_bottom=&#8221;0&#8243; css_animation=&#8221;&#8221;][vc_column][vc_column_text css=&#8221;.vc_custom_1466613239177{margin-top: 0px !important;}&#8221;]<\/p>\n<h2 style=\"text-align: center;\"><span style=\"color: #ff379c;\">BENVINGUTS A BABYS<\/span><\/h2>\n<p>[\/vc_column_text][vc_separator type=&#8221;small&#8221; position=&#8221;center&#8221; color=&#8221;#ff379c&#8221; up=&#8221;7&#8243; down=&#8221;38&#8243;][vc_column_text]<\/p>\n<h4 style=\"text-align: center;\">Botiga de roba infantil a Matar\u00f3<\/h4>\n<p>&nbsp;<\/p>\n<h4 style=\"text-align: center;\">Creaci\u00f3 de vestits a mida per ceremonia, bateig i comuni\u00f3 de\u00a0nena i nen.<\/h4>\n<p>[\/vc_column_text][vc_separator type=&#8221;transparent&#8221; up=&#8221;31&#8243; down=&#8221;19&#8243;][vc_row_inner row_type=&#8221;row&#8221; type=&#8221;full_width&#8221; text_align=&#8221;left&#8221; css_animation=&#8221;&#8221;][vc_column_inner][vc_column_text]<\/p>\n<p style=\"text-align: center;\">Amb m\u00e9s de 15 anys d&#8217;experi\u00e8ncia en el sector, Babys Matar\u00f3 \u00e9s una botiga de roba infantil de refer\u00e8ncia a Matar\u00f3. Especialitzada en moda de nad\u00f3 de nen\/a per bateig, comuni\u00f3, cerim\u00f2nia i noces. La conformem un equip jove i s\u00e8nior, liderat per Caterina Rosa, que ent\u00e9n les necessitats del seu p\u00fablic a la perfecci\u00f3 teixint vestits \u00fanics i que selecciona al detall les primeres marques amb les que vol treballar.<\/p>\n<p>[\/vc_column_text][vc_separator type=&#8221;transparent&#8221; up=&#8221;93&#8243; down=&#8221;0&#8243;][\/vc_column_inner][\/vc_row_inner][\/vc_column][\/vc_row][vc_row row_type=&#8221;row&#8221; use_row_as_full_screen_section=&#8221;no&#8221; type=&#8221;full_width&#8221; angled_section=&#8221;no&#8221; text_align=&#8221;left&#8221; background_image_as_pattern=&#8221;without_pattern&#8221; css_animation=&#8221;&#8221;][vc_column]<div class='qode_image_gallery_no_space '><div class='qode_image_gallery_holder' style=''><ul  ><li  ><div style=\" width:600px;\"><img decoding=\"async\" itemprop=\"image\" src=\"https:\/\/babysmataro.com\/wp-content\/uploads\/2014\/03\/12274671_974151815979644_5573521279069961336_n.jpg\" alt=\"\" \/><\/div><\/li><li  ><div style=\" width:600px;\"><img decoding=\"async\" itemprop=\"image\" src=\"https:\/\/babysmataro.com\/wp-content\/uploads\/2014\/03\/BOTIGA-BABYS.jpg\" alt=\"\" \/><\/div><\/li><li  ><div style=\" width:600px;\"><img decoding=\"async\" itemprop=\"image\" src=\"https:\/\/babysmataro.com\/wp-content\/uploads\/2014\/03\/BOTIGA-BABYS2.jpg\" alt=\"\" \/><\/div><\/li><\/ul><\/div><div class=\"controls\"><a class=\"prev-slide\" href=\"#\"><span><i class=\"fa fa-angle-left\"><\/i><\/span><\/a><a class=\"next-slide\" href=\"#\"><span><i class=\"fa fa-angle-right\"><\/i><\/span><\/a><\/div><\/div>[\/vc_column][\/vc_row][vc_row row_type=&#8221;row&#8221; use_row_as_full_screen_section=&#8221;no&#8221; type=&#8221;grid&#8221; angled_section=&#8221;no&#8221; text_align=&#8221;left&#8221; background_image_as_pattern=&#8221;without_pattern&#8221; background_color=&#8221;#ffffff&#8221; padding_top=&#8221;87&#8243; padding_bottom=&#8221;81&#8243; css_animation=&#8221;&#8221; el_class=&#8221;custom_color&#8221;][vc_column][vc_column_text]<\/p>\n<h2 style=\"text-align: center;\"><span style=\"color: #ff379c;\">CONFECCIONEM COMPLEMENTS ARTESANALS<\/span><\/h2>\n<p>[\/vc_column_text][vc_separator type=&#8221;small&#8221; position=&#8221;center&#8221; color=&#8221;#ff379c&#8221; up=&#8221;7&#8243; down=&#8221;35&#8243;][vc_column_text]<\/p>\n<h4 style=\"text-align: center;\">Diadema, lla\u00e7os, faix\u00ed, cintur\u00f3, sabates, tot fet a m\u00e0 amb acabats s\u00faper\u00a0originals.<\/h4>\n<p>[\/vc_column_text][vc_separator type=&#8221;transparent&#8221; up=&#8221;48&#8243; down=&#8221;0&#8243;][qode_circles columns=&#8221;five_columns&#8221; circle_line=&#8221;no_line&#8221;][\/qode_circles][\/vc_column][\/vc_row][vc_row row_type=&#8221;row&#8221; use_row_as_full_screen_section=&#8221;no&#8221; type=&#8221;grid&#8221; angled_section=&#8221;no&#8221; text_align=&#8221;left&#8221; background_image_as_pattern=&#8221;without_pattern&#8221; padding_top=&#8221;70&#8243; padding_bottom=&#8221;71&#8243; css_animation=&#8221;&#8221;][vc_column][\/vc_column][\/vc_row][vc_row row_type=&#8221;row&#8221; use_row_as_full_screen_section=&#8221;no&#8221; type=&#8221;full_width&#8221; angled_section=&#8221;no&#8221; text_align=&#8221;left&#8221; background_image_as_pattern=&#8221;without_pattern&#8221; css_animation=&#8221;&#8221;][vc_column][vc_column_text]<\/p>\n<p>[\/vc_column_text][\/vc_column][\/vc_row]<\/p>\n","protected":false},"excerpt":{"rendered":"<p>[vc_row row_type=&#8221;row&#8221; use_row_as_full_screen_section=&#8221;no&#8221; type=&#8221;grid&#8221; angled_section=&#8221;no&#8221; text_align=&#8221;left&#8221; background_image_as_pattern=&#8221;without_pattern&#8221; padding_top=&#8221;87&#8243; padding_bottom=&#8221;0&#8243; css_animation=&#8221;&#8221;][vc_column][vc_column_text css=&#8221;.vc_custom_1466613239177{margin-top: 0px !important;}&#8221;] BENVINGUTS A BABYS [\/vc_column_text][vc_separator type=&#8221;small&#8221; position=&#8221;center&#8221; color=&#8221;#ff379c&#8221; up=&#8221;7&#8243; down=&#8221;38&#8243;][vc_column_text] Botiga de roba infantil a Matar\u00f3 &nbsp; Creaci\u00f3 de vestits a mida per ceremonia, bateig i comuni\u00f3 de\u00a0nena i nen. [\/vc_column_text][vc_separator type=&#8221;transparent&#8221; up=&#8221;31&#8243;&#8230;<\/p>\n","protected":false},"author":1,"featured_media":0,"parent":0,"menu_order":0,"comment_status":"open","ping_status":"closed","template":"full_width.php","meta":{"footnotes":""},"class_list":["post-15845","page","type-page","status-publish","hentry"],"yoast_head":"<!-- This site is optimized with the Yoast SEO plugin v27.6 - https:\/\/yoast.com\/product\/yoast-seo-wordpress\/ -->\n<title>Qui Som - Babys Mataro<\/title>\n<meta name=\"robots\" content=\"index, follow, max-snippet:-1, max-image-preview:large, max-video-preview:-1\" \/>\n<link rel=\"canonical\" href=\"https:\/\/babysmataro.com\/ca\/qui-som\/\" \/>\n<meta property=\"og:locale\" content=\"ca_ES\" \/>\n<meta property=\"og:type\" content=\"article\" \/>\n<meta property=\"og:title\" content=\"Qui Som - Babys Mataro\" \/>\n<meta property=\"og:description\" content=\"[vc_row row_type=&#8221;row&#8221; use_row_as_full_screen_section=&#8221;no&#8221; type=&#8221;grid&#8221; angled_section=&#8221;no&#8221; text_align=&#8221;left&#8221; background_image_as_pattern=&#8221;without_pattern&#8221; padding_top=&#8221;87&#8243; padding_bottom=&#8221;0&#8243; css_animation=&#8221;&#8221;][vc_column][vc_column_text css=&#8221;.vc_custom_1466613239177{margin-top: 0px !important;}&#8221;] BENVINGUTS A BABYS [\/vc_column_text][vc_separator type=&#8221;small&#8221; position=&#8221;center&#8221; color=&#8221;#ff379c&#8221; up=&#8221;7&#8243; down=&#8221;38&#8243;][vc_column_text] Botiga de roba infantil a Matar\u00f3 &nbsp; Creaci\u00f3 de vestits a mida per ceremonia, bateig i comuni\u00f3 de\u00a0nena i nen. [\/vc_column_text][vc_separator type=&#8221;transparent&#8221; up=&#8221;31&#8243;...\" \/>\n<meta property=\"og:url\" content=\"https:\/\/babysmataro.com\/ca\/qui-som\/\" \/>\n<meta property=\"og:site_name\" content=\"Babys Mataro\" \/>\n<meta property=\"article:modified_time\" content=\"2017-02-07T10:32:50+00:00\" \/>\n<meta name=\"twitter:card\" content=\"summary_large_image\" \/>\n<meta name=\"twitter:label1\" content=\"Temps estimat de lectura\" \/>\n\t<meta name=\"twitter:data1\" content=\"2 minuts\" \/>\n<script type=\"application\/ld+json\" class=\"yoast-schema-graph\">{\"@context\":\"https:\\\/\\\/schema.org\",\"@graph\":[{\"@type\":\"WebPage\",\"@id\":\"https:\\\/\\\/babysmataro.com\\\/ca\\\/qui-som\\\/\",\"url\":\"https:\\\/\\\/babysmataro.com\\\/ca\\\/qui-som\\\/\",\"name\":\"Qui Som - Babys Mataro\",\"isPartOf\":{\"@id\":\"https:\\\/\\\/babysmataro.com\\\/ca\\\/#website\"},\"datePublished\":\"2016-06-20T14:31:16+00:00\",\"dateModified\":\"2017-02-07T10:32:50+00:00\",\"breadcrumb\":{\"@id\":\"https:\\\/\\\/babysmataro.com\\\/ca\\\/qui-som\\\/#breadcrumb\"},\"inLanguage\":\"ca\",\"potentialAction\":[{\"@type\":\"ReadAction\",\"target\":[\"https:\\\/\\\/babysmataro.com\\\/ca\\\/qui-som\\\/\"]}]},{\"@type\":\"BreadcrumbList\",\"@id\":\"https:\\\/\\\/babysmataro.com\\\/ca\\\/qui-som\\\/#breadcrumb\",\"itemListElement\":[{\"@type\":\"ListItem\",\"position\":1,\"name\":\"Portada\",\"item\":\"https:\\\/\\\/babysmataro.com\\\/ca\\\/\"},{\"@type\":\"ListItem\",\"position\":2,\"name\":\"Qui Som\"}]},{\"@type\":\"WebSite\",\"@id\":\"https:\\\/\\\/babysmataro.com\\\/ca\\\/#website\",\"url\":\"https:\\\/\\\/babysmataro.com\\\/ca\\\/\",\"name\":\"Babys Mataro\",\"description\":\"\",\"potentialAction\":[{\"@type\":\"SearchAction\",\"target\":{\"@type\":\"EntryPoint\",\"urlTemplate\":\"https:\\\/\\\/babysmataro.com\\\/ca\\\/?s={search_term_string}\"},\"query-input\":{\"@type\":\"PropertyValueSpecification\",\"valueRequired\":true,\"valueName\":\"search_term_string\"}}],\"inLanguage\":\"ca\"}]}<\/script>\n<!-- \/ Yoast SEO plugin. -->","yoast_head_json":{"title":"Qui Som - Babys Mataro","robots":{"index":"index","follow":"follow","max-snippet":"max-snippet:-1","max-image-preview":"max-image-preview:large","max-video-preview":"max-video-preview:-1"},"canonical":"https:\/\/babysmataro.com\/ca\/qui-som\/","og_locale":"ca_ES","og_type":"article","og_title":"Qui Som - Babys Mataro","og_description":"[vc_row row_type=&#8221;row&#8221; use_row_as_full_screen_section=&#8221;no&#8221; type=&#8221;grid&#8221; angled_section=&#8221;no&#8221; text_align=&#8221;left&#8221; background_image_as_pattern=&#8221;without_pattern&#8221; padding_top=&#8221;87&#8243; padding_bottom=&#8221;0&#8243; css_animation=&#8221;&#8221;][vc_column][vc_column_text css=&#8221;.vc_custom_1466613239177{margin-top: 0px !important;}&#8221;] BENVINGUTS A BABYS [\/vc_column_text][vc_separator type=&#8221;small&#8221; position=&#8221;center&#8221; color=&#8221;#ff379c&#8221; up=&#8221;7&#8243; down=&#8221;38&#8243;][vc_column_text] Botiga de roba infantil a Matar\u00f3 &nbsp; Creaci\u00f3 de vestits a mida per ceremonia, bateig i comuni\u00f3 de\u00a0nena i nen. [\/vc_column_text][vc_separator type=&#8221;transparent&#8221; up=&#8221;31&#8243;...","og_url":"https:\/\/babysmataro.com\/ca\/qui-som\/","og_site_name":"Babys Mataro","article_modified_time":"2017-02-07T10:32:50+00:00","twitter_card":"summary_large_image","twitter_misc":{"Temps estimat de lectura":"2 minuts"},"schema":{"@context":"https:\/\/schema.org","@graph":[{"@type":"WebPage","@id":"https:\/\/babysmataro.com\/ca\/qui-som\/","url":"https:\/\/babysmataro.com\/ca\/qui-som\/","name":"Qui Som - Babys Mataro","isPartOf":{"@id":"https:\/\/babysmataro.com\/ca\/#website"},"datePublished":"2016-06-20T14:31:16+00:00","dateModified":"2017-02-07T10:32:50+00:00","breadcrumb":{"@id":"https:\/\/babysmataro.com\/ca\/qui-som\/#breadcrumb"},"inLanguage":"ca","potentialAction":[{"@type":"ReadAction","target":["https:\/\/babysmataro.com\/ca\/qui-som\/"]}]},{"@type":"BreadcrumbList","@id":"https:\/\/babysmataro.com\/ca\/qui-som\/#breadcrumb","itemListElement":[{"@type":"ListItem","position":1,"name":"Portada","item":"https:\/\/babysmataro.com\/ca\/"},{"@type":"ListItem","position":2,"name":"Qui Som"}]},{"@type":"WebSite","@id":"https:\/\/babysmataro.com\/ca\/#website","url":"https:\/\/babysmataro.com\/ca\/","name":"Babys Mataro","description":"","potentialAction":[{"@type":"SearchAction","target":{"@type":"EntryPoint","urlTemplate":"https:\/\/babysmataro.com\/ca\/?s={search_term_string}"},"query-input":{"@type":"PropertyValueSpecification","valueRequired":true,"valueName":"search_term_string"}}],"inLanguage":"ca"}]}},"_links":{"self":[{"href":"https:\/\/babysmataro.com\/ca\/wp-json\/wp\/v2\/pages\/15845","targetHints":{"allow":["GET"]}}],"collection":[{"href":"https:\/\/babysmataro.com\/ca\/wp-json\/wp\/v2\/pages"}],"about":[{"href":"https:\/\/babysmataro.com\/ca\/wp-json\/wp\/v2\/types\/page"}],"author":[{"embeddable":true,"href":"https:\/\/babysmataro.com\/ca\/wp-json\/wp\/v2\/users\/1"}],"replies":[{"embeddable":true,"href":"https:\/\/babysmataro.com\/ca\/wp-json\/wp\/v2\/comments?post=15845"}],"version-history":[{"count":0,"href":"https:\/\/babysmataro.com\/ca\/wp-json\/wp\/v2\/pages\/15845\/revisions"}],"wp:attachment":[{"href":"https:\/\/babysmataro.com\/ca\/wp-json\/wp\/v2\/media?parent=15845"}],"curies":[{"name":"wp","href":"https:\/\/api.w.org\/{rel}","templated":true}]}}