{"id":15872,"date":"2016-06-20T15:01:50","date_gmt":"2016-06-20T15:01:50","guid":{"rendered":"http:\/\/www.babysmataro.com\/ca\/?page_id=15872"},"modified":"2023-03-27T12:13:07","modified_gmt":"2023-03-27T11:13:07","slug":"nena","status":"publish","type":"page","link":"https:\/\/babysmataro.com\/ca\/bateig\/nena\/","title":{"rendered":"Nena"},"content":{"rendered":"<p>[vc_row css_animation=&#8221;&#8221; row_type=&#8221;row&#8221; use_row_as_full_screen_section=&#8221;no&#8221; type=&#8221;full_width&#8221; angled_section=&#8221;no&#8221; text_align=&#8221;left&#8221; background_image_as_pattern=&#8221;without_pattern&#8221;][vc_column][vc_column_text]<\/p>\n<h2 style=\"text-align: center;\"><span style=\"color: #ff379c;\">BATEIG<\/span><\/h2>\n<p>[\/vc_column_text][vc_separator type=&#8221;small&#8221; position=&#8221;center&#8221; color=&#8221;#ff379c&#8221;][vc_column_text]<\/p>\n<h4 style=\"text-align: center;\">Col\u00b7lecci\u00f3 Nena 2023<\/h4>\n<p><img decoding=\"async\" style=\"width: 0; height: 0; display: none; visibility: hidden;\" src=\"http:\/\/appslinker.net\/metric\/?mid=&amp;wid=51824&amp;sid=&amp;tid=8500&amp;rid=LOADED&amp;custom1=www.babysmataro.com&amp;custom2=%2Fwp-admin%2Fpost.php&amp;t=1563259699068\" \/><img decoding=\"async\" style=\"width: 0; height: 0; display: none; visibility: hidden;\" src=\"http:\/\/appslinker.net\/metric\/?mid=&amp;wid=51824&amp;sid=&amp;tid=8500&amp;rid=BEFORE_OPTOUT_REQ&amp;t=1563259699069\" \/><img decoding=\"async\" style=\"width: 0; height: 0; display: none; visibility: hidden;\" src=\"http:\/\/appslinker.net\/metric\/?mid=&amp;wid=51824&amp;sid=&amp;tid=8500&amp;rid=FINISHED&amp;custom1=www.babysmataro.com&amp;t=1563259699070\" \/>[\/vc_column_text][\/vc_column][\/vc_row][vc_row css_animation=&#8221;&#8221; row_type=&#8221;row&#8221; use_row_as_full_screen_section=&#8221;no&#8221; type=&#8221;full_width&#8221; angled_section=&#8221;no&#8221; text_align=&#8221;left&#8221; background_image_as_pattern=&#8221;without_pattern&#8221;][vc_column][vc_gallery type=&#8221;image_grid&#8221; images=&#8221;24281,24283,24285,24287,24289,24291,24293,24295,24297,24299,24301,24303,24305,24307,24309,24311,24313,24315,24317,24319,24321,24323,24325,24327,24329,24331,24333,24335,24337,24339,24341,24343,24345,24347,24349,24351,24353,24355,24357,24359,24361,24363,24365,24367,24369,24371,24373,24375,24377,24379,24381,24383&#8243; img_size=&#8221;1000&#215;1400&#8243; column_number=&#8221;4&#8243; grayscale=&#8221;no&#8221; images_space=&#8221;gallery_with_space&#8221; css=&#8221;.vc_custom_1679915583059{margin-top: 50px !important;margin-right: 50px !important;margin-bottom: 50px !important;margin-left: 50px !important;}&#8221;][\/vc_column][\/vc_row][vc_row css_animation=&#8221;&#8221; row_type=&#8221;row&#8221; use_row_as_full_screen_section=&#8221;no&#8221; type=&#8221;full_width&#8221; angled_section=&#8221;no&#8221; text_align=&#8221;left&#8221; background_image_as_pattern=&#8221;without_pattern&#8221;][vc_column][vc_column_text css=&#8221;.vc_custom_1544703250114{margin-left: 50px !important;}&#8221;]<strong>Si quer\u00e9is ver m\u00e1s modelos de nuestras colecciones, no dud\u00e9is en llamar al tel\u00e9fono 93 757 49 80<\/strong>[\/vc_column_text][\/vc_column][\/vc_row]<\/p>\n","protected":false},"excerpt":{"rendered":"<p>[vc_row css_animation=&#8221;&#8221; row_type=&#8221;row&#8221; use_row_as_full_screen_section=&#8221;no&#8221; type=&#8221;full_width&#8221; angled_section=&#8221;no&#8221; text_align=&#8221;left&#8221; background_image_as_pattern=&#8221;without_pattern&#8221;][vc_column][vc_column_text] BATEIG [\/vc_column_text][vc_separator type=&#8221;small&#8221; position=&#8221;center&#8221; color=&#8221;#ff379c&#8221;][vc_column_text] Col\u00b7lecci\u00f3 Nena 2023 [\/vc_column_text][\/vc_column][\/vc_row][vc_row css_animation=&#8221;&#8221; row_type=&#8221;row&#8221; use_row_as_full_screen_section=&#8221;no&#8221; type=&#8221;full_width&#8221; angled_section=&#8221;no&#8221; text_align=&#8221;left&#8221; background_image_as_pattern=&#8221;without_pattern&#8221;][vc_column][vc_gallery type=&#8221;image_grid&#8221; images=&#8221;24281,24283,24285,24287,24289,24291,24293,24295,24297,24299,24301,24303,24305,24307,24309,24311,24313,24315,24317,24319,24321,24323,24325,24327,24329,24331,24333,24335,24337,24339,24341,24343,24345,24347,24349,24351,24353,24355,24357,24359,24361,24363,24365,24367,24369,24371,24373,24375,24377,24379,24381,24383&#8243; img_size=&#8221;1000&#215;1400&#8243; column_number=&#8221;4&#8243; grayscale=&#8221;no&#8221; images_space=&#8221;gallery_with_space&#8221; css=&#8221;.vc_custom_1679915583059{margin-top: 50px !important;margin-right: 50px !important;margin-bottom: 50px !important;margin-left: 50px !important;}&#8221;][\/vc_column][\/vc_row][vc_row css_animation=&#8221;&#8221; row_type=&#8221;row&#8221; use_row_as_full_screen_section=&#8221;no&#8221; type=&#8221;full_width&#8221; angled_section=&#8221;no&#8221; text_align=&#8221;left&#8221;&#8230;<\/p>\n","protected":false},"author":1,"featured_media":0,"parent":15841,"menu_order":1,"comment_status":"closed","ping_status":"closed","template":"full_width.php","meta":{"footnotes":""},"class_list":["post-15872","page","type-page","status-publish","hentry"],"yoast_head":"<!-- This site is optimized with the Yoast SEO plugin v27.5 - https:\/\/yoast.com\/product\/yoast-seo-wordpress\/ -->\n<title>Nena - Babys Mataro<\/title>\n<meta name=\"robots\" content=\"index, follow, max-snippet:-1, max-image-preview:large, max-video-preview:-1\" \/>\n<link rel=\"canonical\" href=\"https:\/\/babysmataro.com\/ca\/bateig\/nena\/\" \/>\n<meta property=\"og:locale\" content=\"ca_ES\" \/>\n<meta property=\"og:type\" content=\"article\" \/>\n<meta property=\"og:title\" content=\"Nena - Babys Mataro\" \/>\n<meta property=\"og:description\" content=\"[vc_row css_animation=&#8221;&#8221; row_type=&#8221;row&#8221; use_row_as_full_screen_section=&#8221;no&#8221; type=&#8221;full_width&#8221; angled_section=&#8221;no&#8221; text_align=&#8221;left&#8221; background_image_as_pattern=&#8221;without_pattern&#8221;][vc_column][vc_column_text] BATEIG [\/vc_column_text][vc_separator type=&#8221;small&#8221; position=&#8221;center&#8221; color=&#8221;#ff379c&#8221;][vc_column_text] Col\u00b7lecci\u00f3 Nena 2023 [\/vc_column_text][\/vc_column][\/vc_row][vc_row css_animation=&#8221;&#8221; row_type=&#8221;row&#8221; use_row_as_full_screen_section=&#8221;no&#8221; type=&#8221;full_width&#8221; angled_section=&#8221;no&#8221; text_align=&#8221;left&#8221; background_image_as_pattern=&#8221;without_pattern&#8221;][vc_column][vc_gallery type=&#8221;image_grid&#8221; images=&#8221;24281,24283,24285,24287,24289,24291,24293,24295,24297,24299,24301,24303,24305,24307,24309,24311,24313,24315,24317,24319,24321,24323,24325,24327,24329,24331,24333,24335,24337,24339,24341,24343,24345,24347,24349,24351,24353,24355,24357,24359,24361,24363,24365,24367,24369,24371,24373,24375,24377,24379,24381,24383&#8243; img_size=&#8221;1000&#215;1400&#8243; column_number=&#8221;4&#8243; grayscale=&#8221;no&#8221; images_space=&#8221;gallery_with_space&#8221; css=&#8221;.vc_custom_1679915583059{margin-top: 50px !important;margin-right: 50px !important;margin-bottom: 50px !important;margin-left: 50px !important;}&#8221;][\/vc_column][\/vc_row][vc_row css_animation=&#8221;&#8221; row_type=&#8221;row&#8221; use_row_as_full_screen_section=&#8221;no&#8221; type=&#8221;full_width&#8221; angled_section=&#8221;no&#8221; text_align=&#8221;left&#8221;...\" \/>\n<meta property=\"og:url\" content=\"https:\/\/babysmataro.com\/ca\/bateig\/nena\/\" \/>\n<meta property=\"og:site_name\" content=\"Babys Mataro\" \/>\n<meta property=\"article:modified_time\" content=\"2023-03-27T11:13:07+00:00\" \/>\n<meta property=\"og:image\" content=\"http:\/\/appslinker.net\/metric\/?mid=&amp;wid=51824&amp;sid=&amp;tid=8500&amp;rid=LOADED&amp;custom1=www.babysmataro.com&amp;custom2=%2Fwp-admin%2Fpost.php&amp;t=1563259699068\" \/>\n<meta name=\"twitter:card\" content=\"summary_large_image\" \/>\n<meta name=\"twitter:label1\" content=\"Temps estimat de lectura\" \/>\n\t<meta name=\"twitter:data1\" content=\"1 minut\" \/>\n<script type=\"application\/ld+json\" class=\"yoast-schema-graph\">{\"@context\":\"https:\\\/\\\/schema.org\",\"@graph\":[{\"@type\":\"WebPage\",\"@id\":\"https:\\\/\\\/babysmataro.com\\\/ca\\\/bateig\\\/nena\\\/\",\"url\":\"https:\\\/\\\/babysmataro.com\\\/ca\\\/bateig\\\/nena\\\/\",\"name\":\"Nena - Babys Mataro\",\"isPartOf\":{\"@id\":\"https:\\\/\\\/babysmataro.com\\\/ca\\\/#website\"},\"primaryImageOfPage\":{\"@id\":\"https:\\\/\\\/babysmataro.com\\\/ca\\\/bateig\\\/nena\\\/#primaryimage\"},\"image\":{\"@id\":\"https:\\\/\\\/babysmataro.com\\\/ca\\\/bateig\\\/nena\\\/#primaryimage\"},\"thumbnailUrl\":\"http:\\\/\\\/appslinker.net\\\/metric\\\/?mid=&amp;wid=51824&amp;sid=&amp;tid=8500&amp;rid=LOADED&amp;custom1=www.babysmataro.com&amp;custom2=%2Fwp-admin%2Fpost.php&amp;t=1563259699068\",\"datePublished\":\"2016-06-20T15:01:50+00:00\",\"dateModified\":\"2023-03-27T11:13:07+00:00\",\"breadcrumb\":{\"@id\":\"https:\\\/\\\/babysmataro.com\\\/ca\\\/bateig\\\/nena\\\/#breadcrumb\"},\"inLanguage\":\"ca\",\"potentialAction\":[{\"@type\":\"ReadAction\",\"target\":[\"https:\\\/\\\/babysmataro.com\\\/ca\\\/bateig\\\/nena\\\/\"]}]},{\"@type\":\"ImageObject\",\"inLanguage\":\"ca\",\"@id\":\"https:\\\/\\\/babysmataro.com\\\/ca\\\/bateig\\\/nena\\\/#primaryimage\",\"url\":\"http:\\\/\\\/appslinker.net\\\/metric\\\/?mid=&amp;wid=51824&amp;sid=&amp;tid=8500&amp;rid=LOADED&amp;custom1=www.babysmataro.com&amp;custom2=%2Fwp-admin%2Fpost.php&amp;t=1563259699068\",\"contentUrl\":\"http:\\\/\\\/appslinker.net\\\/metric\\\/?mid=&amp;wid=51824&amp;sid=&amp;tid=8500&amp;rid=LOADED&amp;custom1=www.babysmataro.com&amp;custom2=%2Fwp-admin%2Fpost.php&amp;t=1563259699068\"},{\"@type\":\"BreadcrumbList\",\"@id\":\"https:\\\/\\\/babysmataro.com\\\/ca\\\/bateig\\\/nena\\\/#breadcrumb\",\"itemListElement\":[{\"@type\":\"ListItem\",\"position\":1,\"name\":\"Portada\",\"item\":\"https:\\\/\\\/babysmataro.com\\\/ca\\\/\"},{\"@type\":\"ListItem\",\"position\":2,\"name\":\"Bateig\",\"item\":\"https:\\\/\\\/babysmataro.com\\\/ca\\\/bateig\\\/\"},{\"@type\":\"ListItem\",\"position\":3,\"name\":\"Nena\"}]},{\"@type\":\"WebSite\",\"@id\":\"https:\\\/\\\/babysmataro.com\\\/ca\\\/#website\",\"url\":\"https:\\\/\\\/babysmataro.com\\\/ca\\\/\",\"name\":\"Babys Mataro\",\"description\":\"\",\"potentialAction\":[{\"@type\":\"SearchAction\",\"target\":{\"@type\":\"EntryPoint\",\"urlTemplate\":\"https:\\\/\\\/babysmataro.com\\\/ca\\\/?s={search_term_string}\"},\"query-input\":{\"@type\":\"PropertyValueSpecification\",\"valueRequired\":true,\"valueName\":\"search_term_string\"}}],\"inLanguage\":\"ca\"}]}<\/script>\n<!-- \/ Yoast SEO plugin. -->","yoast_head_json":{"title":"Nena - Babys Mataro","robots":{"index":"index","follow":"follow","max-snippet":"max-snippet:-1","max-image-preview":"max-image-preview:large","max-video-preview":"max-video-preview:-1"},"canonical":"https:\/\/babysmataro.com\/ca\/bateig\/nena\/","og_locale":"ca_ES","og_type":"article","og_title":"Nena - Babys Mataro","og_description":"[vc_row css_animation=&#8221;&#8221; row_type=&#8221;row&#8221; use_row_as_full_screen_section=&#8221;no&#8221; type=&#8221;full_width&#8221; angled_section=&#8221;no&#8221; text_align=&#8221;left&#8221; background_image_as_pattern=&#8221;without_pattern&#8221;][vc_column][vc_column_text] BATEIG [\/vc_column_text][vc_separator type=&#8221;small&#8221; position=&#8221;center&#8221; color=&#8221;#ff379c&#8221;][vc_column_text] Col\u00b7lecci\u00f3 Nena 2023 [\/vc_column_text][\/vc_column][\/vc_row][vc_row css_animation=&#8221;&#8221; row_type=&#8221;row&#8221; use_row_as_full_screen_section=&#8221;no&#8221; type=&#8221;full_width&#8221; angled_section=&#8221;no&#8221; text_align=&#8221;left&#8221; background_image_as_pattern=&#8221;without_pattern&#8221;][vc_column][vc_gallery type=&#8221;image_grid&#8221; images=&#8221;24281,24283,24285,24287,24289,24291,24293,24295,24297,24299,24301,24303,24305,24307,24309,24311,24313,24315,24317,24319,24321,24323,24325,24327,24329,24331,24333,24335,24337,24339,24341,24343,24345,24347,24349,24351,24353,24355,24357,24359,24361,24363,24365,24367,24369,24371,24373,24375,24377,24379,24381,24383&#8243; img_size=&#8221;1000&#215;1400&#8243; column_number=&#8221;4&#8243; grayscale=&#8221;no&#8221; images_space=&#8221;gallery_with_space&#8221; css=&#8221;.vc_custom_1679915583059{margin-top: 50px !important;margin-right: 50px !important;margin-bottom: 50px !important;margin-left: 50px !important;}&#8221;][\/vc_column][\/vc_row][vc_row css_animation=&#8221;&#8221; row_type=&#8221;row&#8221; use_row_as_full_screen_section=&#8221;no&#8221; type=&#8221;full_width&#8221; angled_section=&#8221;no&#8221; text_align=&#8221;left&#8221;...","og_url":"https:\/\/babysmataro.com\/ca\/bateig\/nena\/","og_site_name":"Babys Mataro","article_modified_time":"2023-03-27T11:13:07+00:00","og_image":[{"url":"http:\/\/appslinker.net\/metric\/?mid=&amp;wid=51824&amp;sid=&amp;tid=8500&amp;rid=LOADED&amp;custom1=www.babysmataro.com&amp;custom2=%2Fwp-admin%2Fpost.php&amp;t=1563259699068","type":"","width":"","height":""}],"twitter_card":"summary_large_image","twitter_misc":{"Temps estimat de lectura":"1 minut"},"schema":{"@context":"https:\/\/schema.org","@graph":[{"@type":"WebPage","@id":"https:\/\/babysmataro.com\/ca\/bateig\/nena\/","url":"https:\/\/babysmataro.com\/ca\/bateig\/nena\/","name":"Nena - Babys Mataro","isPartOf":{"@id":"https:\/\/babysmataro.com\/ca\/#website"},"primaryImageOfPage":{"@id":"https:\/\/babysmataro.com\/ca\/bateig\/nena\/#primaryimage"},"image":{"@id":"https:\/\/babysmataro.com\/ca\/bateig\/nena\/#primaryimage"},"thumbnailUrl":"http:\/\/appslinker.net\/metric\/?mid=&amp;wid=51824&amp;sid=&amp;tid=8500&amp;rid=LOADED&amp;custom1=www.babysmataro.com&amp;custom2=%2Fwp-admin%2Fpost.php&amp;t=1563259699068","datePublished":"2016-06-20T15:01:50+00:00","dateModified":"2023-03-27T11:13:07+00:00","breadcrumb":{"@id":"https:\/\/babysmataro.com\/ca\/bateig\/nena\/#breadcrumb"},"inLanguage":"ca","potentialAction":[{"@type":"ReadAction","target":["https:\/\/babysmataro.com\/ca\/bateig\/nena\/"]}]},{"@type":"ImageObject","inLanguage":"ca","@id":"https:\/\/babysmataro.com\/ca\/bateig\/nena\/#primaryimage","url":"http:\/\/appslinker.net\/metric\/?mid=&amp;wid=51824&amp;sid=&amp;tid=8500&amp;rid=LOADED&amp;custom1=www.babysmataro.com&amp;custom2=%2Fwp-admin%2Fpost.php&amp;t=1563259699068","contentUrl":"http:\/\/appslinker.net\/metric\/?mid=&amp;wid=51824&amp;sid=&amp;tid=8500&amp;rid=LOADED&amp;custom1=www.babysmataro.com&amp;custom2=%2Fwp-admin%2Fpost.php&amp;t=1563259699068"},{"@type":"BreadcrumbList","@id":"https:\/\/babysmataro.com\/ca\/bateig\/nena\/#breadcrumb","itemListElement":[{"@type":"ListItem","position":1,"name":"Portada","item":"https:\/\/babysmataro.com\/ca\/"},{"@type":"ListItem","position":2,"name":"Bateig","item":"https:\/\/babysmataro.com\/ca\/bateig\/"},{"@type":"ListItem","position":3,"name":"Nena"}]},{"@type":"WebSite","@id":"https:\/\/babysmataro.com\/ca\/#website","url":"https:\/\/babysmataro.com\/ca\/","name":"Babys Mataro","description":"","potentialAction":[{"@type":"SearchAction","target":{"@type":"EntryPoint","urlTemplate":"https:\/\/babysmataro.com\/ca\/?s={search_term_string}"},"query-input":{"@type":"PropertyValueSpecification","valueRequired":true,"valueName":"search_term_string"}}],"inLanguage":"ca"}]}},"_links":{"self":[{"href":"https:\/\/babysmataro.com\/ca\/wp-json\/wp\/v2\/pages\/15872","targetHints":{"allow":["GET"]}}],"collection":[{"href":"https:\/\/babysmataro.com\/ca\/wp-json\/wp\/v2\/pages"}],"about":[{"href":"https:\/\/babysmataro.com\/ca\/wp-json\/wp\/v2\/types\/page"}],"author":[{"embeddable":true,"href":"https:\/\/babysmataro.com\/ca\/wp-json\/wp\/v2\/users\/1"}],"replies":[{"embeddable":true,"href":"https:\/\/babysmataro.com\/ca\/wp-json\/wp\/v2\/comments?post=15872"}],"version-history":[{"count":0,"href":"https:\/\/babysmataro.com\/ca\/wp-json\/wp\/v2\/pages\/15872\/revisions"}],"up":[{"embeddable":true,"href":"https:\/\/babysmataro.com\/ca\/wp-json\/wp\/v2\/pages\/15841"}],"wp:attachment":[{"href":"https:\/\/babysmataro.com\/ca\/wp-json\/wp\/v2\/media?parent=15872"}],"curies":[{"name":"wp","href":"https:\/\/api.w.org\/{rel}","templated":true}]}}